{"id":1482,"date":"2021-10-19T08:00:51","date_gmt":"2021-10-19T08:00:51","guid":{"rendered":"https:\/\/preview.g12.co\/?page_id=1482"},"modified":"2021-10-20T18:48:52","modified_gmt":"2021-10-20T18:48:52","slug":"blogs-pt","status":"publish","type":"page","link":"https:\/\/g12.co\/pt-br\/blogs-pt\/","title":{"rendered":"Blogs"},"content":{"rendered":"<p>[et_pb_section fb_built=&#8221;1&#8243; _builder_version=&#8221;4.10.8&#8243; _module_preset=&#8221;default&#8221; use_background_color_gradient=&#8221;on&#8221; background_color_gradient_start=&#8221;rgba(255,255,255,0)&#8221; background_color_gradient_end=&#8221;rgba(7,180,221,0.51)&#8221; background_image=&#8221;https:\/\/g12.co\/wp-content\/uploads\/2021\/10\/g12-blogs.jpg&#8221; background_blend=&#8221;lighten&#8221; custom_padding=&#8221;149px|||||&#8221; global_colors_info=&#8221;{}&#8221;][et_pb_row _builder_version=&#8221;4.10.7&#8243; _module_preset=&#8221;default&#8221; global_colors_info=&#8221;{}&#8221;][et_pb_column type=&#8221;4_4&#8243; _builder_version=&#8221;4.10.7&#8243; _module_preset=&#8221;default&#8221; global_colors_info=&#8221;{}&#8221;][et_pb_text _builder_version=&#8221;4.10.8&#8243; _module_preset=&#8221;default&#8221; text_font=&#8221;|700|||||||&#8221; text_font_size=&#8221;48px&#8221; text_orientation=&#8221;center&#8221; background_layout=&#8221;dark&#8221; custom_padding=&#8221;||20px|||&#8221; text_font_size_tablet=&#8221;38px&#8221; text_font_size_phone=&#8221;36px&#8221; text_font_size_last_edited=&#8221;on|phone&#8221; global_colors_info=&#8221;{}&#8221;]BLOGS[\/et_pb_text][et_pb_search exclude_pages=&#8221;on&#8221; show_button=&#8221;off&#8221; placeholder=&#8221;BUSCAR&#8221; button_color=&#8221;RGBA(0,0,0,0)&#8221; placeholder_color=&#8221;rgba(0,0,0,0.5)&#8221; _builder_version=&#8221;4.10.7&#8243; _module_preset=&#8221;default&#8221; form_field_background_color=&#8221;#FFFFFF&#8221; form_field_letter_spacing=&#8221;2px&#8221; custom_padding=&#8221;0.71em|1.6em|0.71em|1.6em|true|true&#8221; border_radii=&#8221;on|10px|10px|10px|10px&#8221; border_width_all=&#8221;0px&#8221; global_colors_info=&#8221;{}&#8221;][\/et_pb_search][\/et_pb_column][\/et_pb_row][\/et_pb_section][et_pb_section fb_built=&#8221;1&#8243; _builder_version=&#8221;4.10.8&#8243; _module_preset=&#8221;default&#8221; global_colors_info=&#8221;{}&#8221;][et_pb_row _builder_version=&#8221;4.10.8&#8243; _module_preset=&#8221;default&#8221; global_colors_info=&#8221;{}&#8221;][et_pb_column type=&#8221;4_4&#8243; _builder_version=&#8221;4.10.8&#8243; _module_preset=&#8221;default&#8221; global_colors_info=&#8221;{}&#8221;][et_pb_post_slider show_pagination=&#8221;off&#8221; excerpt_length=&#8221;212&#8243; show_meta=&#8221;off&#8221; image_placement=&#8221;left&#8221; _builder_version=&#8221;4.10.8&#8243; _module_preset=&#8221;default&#8221; header_font=&#8221;|700||on|||||&#8221; header_font_size=&#8221;25px&#8221; body_text_align=&#8221;justify&#8221; body_line_height=&#8221;1.5em&#8221; background_color=&#8221;rgba(0,0,0,0.53)&#8221; button_alignment=&#8221;center&#8221; background_layout=&#8221;light&#8221; custom_padding=&#8221;70px||70px||true|false&#8221; custom_padding_tablet=&#8221;40px||40px||true|false&#8221; custom_padding_phone=&#8221;30px|20px|30px|20px|true|true&#8221; custom_padding_last_edited=&#8221;on|phone&#8221; header_font_size_tablet=&#8221;20px&#8221; header_font_size_phone=&#8221;18px&#8221; header_font_size_last_edited=&#8221;on|phone&#8221; border_radii=&#8221;on|37px|37px|37px|37px&#8221; border_style_all=&#8221;none&#8221; border_radii_image=&#8221;on|20px|20px|20px|20px&#8221; global_colors_info=&#8221;{}&#8221;][\/et_pb_post_slider][dpdfg_filtergrid use_overlay=&#8221;off&#8221; show_author=&#8221;off&#8221; show_content=&#8221;on&#8221; truncate_content=&#8221;240&#8243; read_more=&#8221;on&#8221; read_more_text=&#8221;Leer M\u00e1s&#8221; filter_layout=&#8221;select&#8221; filter_dropdown_placeholder=&#8221;CATEGORIA:&#8221; all_text=&#8221;TODAS&#8221; filters_sort=&#8221;name&#8221; items_width=&#8221;42%&#8221; column_gutter=&#8221;10em&#8221; grid_font_size=&#8221;12px&#8221; bg_filters=&#8221;#FFFFFF&#8221; bg_filter_active=&#8221;#FFFFFF&#8221; items_width_last_edited=&#8221;off|desktop&#8221; grid_font_size_last_edited=&#8221;off|desktop&#8221; disabled_on=&#8221;off|off|off&#8221; _builder_version=&#8221;4.10.8&#8243; _module_preset=&#8221;default&#8221; dpdfg_entry_title_font=&#8221;|||on|||||&#8221; dpdfg_entry_title_font_size=&#8221;24px&#8221; dpdfg_entry_meta_font=&#8221;||||||||&#8221; background_color=&#8221;#FFFFFF&#8221; custom_read_more_button=&#8221;on&#8221; read_more_button_text_size=&#8221;13px&#8221; read_more_button_text_color=&#8221;#07b4dd&#8221; read_more_button_bg_color=&#8221;RGBA(0,0,0,0)&#8221; read_more_button_border_width=&#8221;0px&#8221; read_more_button_border_radius=&#8221;0px&#8221; read_more_button_use_icon=&#8221;off&#8221; read_more_button_alignment=&#8221;left&#8221; read_more_button_custom_margin=&#8221;|||-11px|false|false&#8221; hover_enabled=&#8221;0&#8243; border_radii=&#8221;off||||&#8221; border_width_all=&#8221;0px&#8221; global_colors_info=&#8221;{}&#8221; read_more_button_bg_color__hover_enabled=&#8221;on|hover&#8221; read_more_button_bg_color__hover=&#8221;RGBA(0,0,0,0)&#8221; read_more_button_bg_enable_color__hover=&#8221;on&#8221; sticky_enabled=&#8221;0&#8243;][\/dpdfg_filtergrid][\/et_pb_column][\/et_pb_row][\/et_pb_section]<\/p>\n","protected":false},"excerpt":{"rendered":"<p>BLOGS<div class=\"et_pb_with_border et_pb_module dpdfg_filtergrid dpdfg_filtergrid_0\">\n\t\t\t\t\n\t\t\t\t\n\t\t\t\t\n\t\t\t\t\n\t\t\t\t\n\t\t\t\t\n\t\t\t\t<div class=\"et_pb_module_inner\">\n\t\t\t\t\t<!-- DPDFG Start Main Container --><div class=\"dp-dfg-container dp-dfg-layout-grid dp-dfg-skin-default\" data-active-filter=\"all\" data-page=\"1\" data-found-posts=\"6\" data-post-number=\"12\" data-default-filter=\"All\" data-link-filter=\"\" data-cache=\"off\" data-ratio=\"0.71\" data-show-thumb=\"on\" data-action=\"link\" data-new-window=\"off\" data-multifilter=\"off|OR\" data-multilevel=\"off|AND|off\" data-doing-ajax=\"off\" data-module=\"dpdfg_filtergrid_0\" data-search =\"off\" data-search-position=\"above\" data-filters=\"on\" data-terms-tags=\"on\" data-pagination=\"on\"><div class=\"dp-dfg-filters dp-dfg-filters-dropdown-layout\" data-layout=\"select\" data-orderby=\"name\" data-hierarchy-levels=\"off\"><div class=\"dp-dfg-filters-dropdown closed\" data-parent=\"0\"><p class=\"dp-dfg-dropdown-label\" data-content=\"CATEGORIA:\"><span class=\"dp-dfg-dropdown-placehoder\">CATEGORIA:<\/span><\/p><ul class=\"dp-dfg-level dp-dfg-taxonomy-level-0 dp-dfg-taxonomy-all\"><li class=\"dp-dfg-filter\" data-level=\"0\"><a class=\"dp-dfg-filter-link active all\" href=\"#\" data-term-id=\"all\" >TODAS<\/a><\/li><li class=\"dp-dfg-filter\" data-level=\"0\"><a class=\"dp-dfg-filter-link blogs-pt-br\" href=\"#\" data-term-id=\"35\" >Blogs<\/a><\/li><li class=\"dp-dfg-filter\" data-level=\"0\"><a class=\"dp-dfg-filter-link lideranca\" href=\"#\" data-term-id=\"46\" >Lideran\u00e7a<\/a><\/li><li class=\"dp-dfg-filter\" data-level=\"0\"><a class=\"dp-dfg-filter-link noticias-y-actualidad-pt-br\" href=\"#\" data-term-id=\"55\" >Noticias y Actualidad<\/a><\/li><li class=\"dp-dfg-filter\" data-level=\"0\"><a class=\"dp-dfg-filter-link visao-g12\" href=\"#\" data-term-id=\"48\" >Vis\u00e3o G12<\/a><\/li><\/ul><\/div><\/div><!-- DPDFG End Filters Container --><div class=\"dp-dfg-items\"><article id=\"post-3776\" class=\"dp-dfg-item post-3776 post type-post status-publish format-standard has-post-thumbnail hentry \"     data-position=\"0\"   data-new-tab=\"off\"><figure class=\"dp-dfg-image entry-thumb\"><a href=\"https:\/\/g12.co\/pt-br\/2024\/02\/a-igreja-que-recebera-a-grande-colheita\/\" class=\"dp-dfg-image-link\" ><img loading=\"lazy\" decoding=\"async\" src=\"https:\/\/g12.co\/wp-content\/uploads\/2024\/02\/banner-400x284.jpg\" alt=\"A igreja que receber\u00e1 a Grande Colheita\" width=\"400\" height=\"284\" data-ratio=\"0.71\"\/><\/a><\/figure><div class=\"dp-dfg-header entry-header\"><h2 class=\"entry-title\">A igreja que receber\u00e1 a Grande Colheita<\/h2><\/div><div class=\"dp-dfg-meta entry-meta\"><\/div><div class=\"dp-dfg-content entry-summary\">A IGREJA QUE RECEBER\u00c1 A GRANDE COLHEITA\nPOR G12 VIS\u00c3OA Conven\u00e7\u00e3o Internacional G12 \u2013 A Grande Colheita, foi realizada de 23 a 26 de janeiro de 2024 na cidade de Bogot\u00e1 \u2013 Col\u00f4mbia e contou com a presen\u00e7a de mais de 18 mil pessoas e mais <\/div><div class=\"et_pb_button_wrapper\"><a class=\"et_pb_button dp-dfg-more-button\" href=\"https:\/\/g12.co\/pt-br\/2024\/02\/a-igreja-que-recebera-a-grande-colheita\/\" data-icon=\"&amp;#x35;\" >Leer M\u00e1s<\/a><\/div><\/article><!-- DPDFG End Post Item Container --><article id=\"post-3160\" class=\"dp-dfg-item post-3160 post type-post status-publish format-standard has-post-thumbnail hentry category-blogs-pt-br dp-dfg-term-id-35 \"     data-position=\"1\"   data-new-tab=\"off\"><figure class=\"dp-dfg-image entry-thumb\"><a href=\"https:\/\/g12.co\/pt-br\/2023\/03\/a-visao-na-coreia\/\" class=\"dp-dfg-image-link\" ><img loading=\"lazy\" decoding=\"async\" src=\"https:\/\/g12.co\/wp-content\/uploads\/2023\/03\/banner_blogkorea-400x284.png\" alt=\"A Vis\u00e3o na Coreia\" width=\"400\" height=\"284\" data-ratio=\"0.71\"\/><\/a><\/figure><div class=\"dp-dfg-header entry-header\"><h2 class=\"entry-title\">A Vis\u00e3o na Coreia<\/h2><\/div><div class=\"dp-dfg-meta entry-meta\"><\/div><div class=\"dp-dfg-content entry-summary\">A Vis\u00e3o na CoreiaConven\u00e7\u00e3o G12 A Luz do Mundo Coreia 2023N\u00f3s acabamos de viver uma das experi\u00eancias mais impressionantes e avassaladoras ao visitar a na\u00e7\u00e3o da Coreia no m\u00eas de mar\u00e7o.\nForam 12 dias intensos de transmitir de f\u00e9, como ...<\/div><div class=\"et_pb_button_wrapper\"><a class=\"et_pb_button dp-dfg-more-button\" href=\"https:\/\/g12.co\/pt-br\/2023\/03\/a-visao-na-coreia\/\" data-icon=\"&amp;#x35;\" >Leer M\u00e1s<\/a><\/div><\/article><!-- DPDFG End Post Item Container --><article id=\"post-3034\" class=\"dp-dfg-item post-3034 post type-post status-publish format-standard has-post-thumbnail hentry category-blogs category-blogs-pt-br dp-dfg-term-id-3 dp-dfg-term-id-35 \"     data-position=\"2\"   data-new-tab=\"off\"><figure class=\"dp-dfg-image entry-thumb\"><a href=\"https:\/\/g12.co\/pt-br\/2023\/02\/a-visao-te-leva-a-ser-luz\/\" class=\"dp-dfg-image-link\" ><img loading=\"lazy\" decoding=\"async\" src=\"https:\/\/g12.co\/wp-content\/uploads\/2023\/02\/banner-3-1-1-400x284.jpg\" alt=\"A Vis\u00e3o te leva a ser luz\" width=\"400\" height=\"284\" data-ratio=\"0.71\"\/><\/a><\/figure><div class=\"dp-dfg-header entry-header\"><h2 class=\"entry-title\">A Vis\u00e3o te leva a ser luz<\/h2><\/div><div class=\"dp-dfg-meta entry-meta\"><\/div><div class=\"dp-dfg-content entry-summary\">Nesta Conven\u00e7\u00e3o Internacional G12 - A Luz do Mundo 2023, Nesta Conven\u00e7\u00e3o Internacional G12 - A Luz do Mundo 2023, n\u00f3s recebemos um novo manto de un\u00e7\u00e3o e fomos revestidos com a Vis\u00e3o para ser um instrumento usado por Deus para ganhar ...<\/div><div class=\"et_pb_button_wrapper\"><a class=\"et_pb_button dp-dfg-more-button\" href=\"https:\/\/g12.co\/pt-br\/2023\/02\/a-visao-te-leva-a-ser-luz\/\" data-icon=\"&amp;#x35;\" >Leer M\u00e1s<\/a><\/div><\/article><!-- DPDFG End Post Item Container --><article id=\"post-2222\" class=\"dp-dfg-item post-2222 post type-post status-publish format-standard has-post-thumbnail hentry category-lideranca dp-dfg-term-id-46 \"     data-position=\"3\"   data-new-tab=\"off\"><figure class=\"dp-dfg-image entry-thumb\"><a href=\"https:\/\/g12.co\/pt-br\/2022\/03\/como-tornar-realidade-o-sonho-de-deus-em-nosso-ministerio\/\" class=\"dp-dfg-image-link\" ><img loading=\"lazy\" decoding=\"async\" src=\"https:\/\/g12.co\/wp-content\/uploads\/2022\/03\/g12-blog-img-min-400x284.jpg\" alt=\"Como tornar realidade o sonho de Deus em nosso minist\u00e9rio\" width=\"400\" height=\"284\" data-ratio=\"0.71\"\/><\/a><\/figure><div class=\"dp-dfg-header entry-header\"><h2 class=\"entry-title\">Como tornar realidade o sonho de Deus em nosso minist\u00e9rio<\/h2><\/div><div class=\"dp-dfg-meta entry-meta\"><\/div><div class=\"dp-dfg-content entry-summary\">Como pastores e l\u00edderes queremos que nosso minist\u00e9rio evidencie a realidade do sonho de Deus, quando conseguimos isto produz alegria e satisfa\u00e7\u00e3o, traz frutifica\u00e7\u00e3o, multiplica\u00e7\u00e3o e demonstra que estamos alinhados com a vontade de ...<\/div><div class=\"et_pb_button_wrapper\"><a class=\"et_pb_button dp-dfg-more-button\" href=\"https:\/\/g12.co\/pt-br\/2022\/03\/como-tornar-realidade-o-sonho-de-deus-em-nosso-ministerio\/\" data-icon=\"&amp;#x35;\" >Leer M\u00e1s<\/a><\/div><\/article><!-- DPDFG End Post Item Container --><article id=\"post-2154\" class=\"dp-dfg-item post-2154 post type-post status-publish format-standard has-post-thumbnail hentry category-noticias-y-actualidad-pt-br dp-dfg-term-id-55 \"     data-position=\"4\"   data-new-tab=\"off\"><figure class=\"dp-dfg-image entry-thumb\"><a href=\"https:\/\/g12.co\/pt-br\/2022\/02\/saia-para-conquistar\/\" class=\"dp-dfg-image-link\" ><img loading=\"lazy\" decoding=\"async\" src=\"https:\/\/g12.co\/wp-content\/uploads\/2022\/02\/\u00a1Sal-a-la-conquista-min-400x284.jpg\" alt=\"Saia para conquistar!\" width=\"400\" height=\"284\" data-ratio=\"0.71\"\/><\/a><\/figure><div class=\"dp-dfg-header entry-header\"><h2 class=\"entry-title\">Saia para conquistar!<\/h2><\/div><div class=\"dp-dfg-meta entry-meta\"><\/div><div class=\"dp-dfg-content entry-summary\">Toda vez que nos reunimos no mesmo esp\u00edrito e no mesmo sentir, Deus faz coisas impressionantes. Sabemos que a Vis\u00e3o G12 tem sido uma b\u00ean\u00e7\u00e3o para muitas vidas, na\u00e7\u00f5es e novas gera\u00e7\u00f5es.\nGuardar um momento t\u00e3o especial como a Conven\u00e7\u00e3o ...<\/div><div class=\"et_pb_button_wrapper\"><a class=\"et_pb_button dp-dfg-more-button\" href=\"https:\/\/g12.co\/pt-br\/2022\/02\/saia-para-conquistar\/\" data-icon=\"&amp;#x35;\" >Leer M\u00e1s<\/a><\/div><\/article><!-- DPDFG End Post Item Container --><article id=\"post-1517\" class=\"dp-dfg-item post-1517 post type-post status-publish format-standard has-post-thumbnail hentry category-blogs-pt-br category-visao-g12 dp-dfg-term-id-35 dp-dfg-term-id-48 \"     data-position=\"5\"   data-new-tab=\"off\"><figure class=\"dp-dfg-image entry-thumb\"><a href=\"https:\/\/g12.co\/pt-br\/2021\/09\/obrigado-g12-nundys\/\" class=\"dp-dfg-image-link\" ><img loading=\"lazy\" decoding=\"async\" src=\"https:\/\/g12.co\/wp-content\/uploads\/2021\/10\/nundy-1-400x284.jpg\" alt=\"OBRIGADO G12, NUNDYS\" width=\"400\" height=\"284\" data-ratio=\"0.71\"\/><\/a><\/figure><div class=\"dp-dfg-header entry-header\"><h2 class=\"entry-title\">OBRIGADO G12, NUNDYS<\/h2><\/div><div class=\"dp-dfg-meta entry-meta\"><\/div><div class=\"dp-dfg-content entry-summary\">A Vis\u00e3o G12 mudou completamente minha vida!\n\n\n\nEu era uma mulher cheia de medo e com uma baixa auto-estima, acreditava que n\u00e3o poderia fazer nada importante para Deus. J\u00e1 no G12, aprendi muito com as experi\u00eancias dos meus pastores ...<\/div><div class=\"et_pb_button_wrapper\"><a class=\"et_pb_button dp-dfg-more-button\" href=\"https:\/\/g12.co\/pt-br\/2021\/09\/obrigado-g12-nundys\/\" data-icon=\"&amp;#x35;\" >Leer M\u00e1s<\/a><\/div><\/article><!-- DPDFG End Post Item Container --><\/div><!-- DPDFG End Posts Items Container --><div class=\"dp-dfg-pagination\" data-base-url=\"\/pt-br\/wp-json\/wp\/v2\/s\/1482\" data-url-args=\"\"><ul class=\"pagination  dp-dfg-hide\"><li class=\"pagination-item previous-posts dp-dfg-direction\"  style=\"display: none;\"><a href=\"\/pt-br\/wp-json\/wp\/v2\/s\/1482page\/1\/\" data-page=\"1\" class=\"pagination-link\"><span class=\"et-pb-icon\">&amp;#x34;<\/span> <\/a><\/li><li class=\"pagination-item active\"><a href=\"\/pt-br\/wp-json\/wp\/v2\/s\/1482page\/1\/\" data-page=\"1\" class=\"pagination-link\">1<\/a><\/li><li class=\"pagination-item next-posts dp-dfg-direction\"><a href=\"\/pt-br\/wp-json\/wp\/v2\/s\/1482page\/1\/\" data-page=\"1\" class=\"pagination-link\">  <span class=\"et-pb-icon\">&amp;#x35;<\/span><\/a><\/li><\/ul><\/div><!-- DPDFG End Pagination Container --><style>.dp-dfg-more-button::before, .dp-dfg-more-button::after { content: attr(data-icon); }<\/style><\/div><!-- DPDFG End Main Container -->\n\t\t\t\t<\/div>\n\t\t\t<\/div><\/p>\n","protected":false},"author":1,"featured_media":0,"parent":0,"menu_order":0,"comment_status":"closed","ping_status":"closed","template":"","meta":{"_et_pb_use_builder":"on","_et_pb_old_content":"","_et_gb_content_width":"","footnotes":""},"class_list":["post-1482","page","type-page","status-publish","hentry"],"yoast_head":"<!-- This site is optimized with the Yoast SEO plugin v24.0 - https:\/\/yoast.com\/wordpress\/plugins\/seo\/ -->\n<title>Blogs - Visi\u00f3n G12<\/title>\n<meta name=\"robots\" content=\"index, follow, max-snippet:-1, max-image-preview:large, max-video-preview:-1\" \/>\n<link rel=\"canonical\" href=\"https:\/\/g12.co\/pt-br\/blogs-pt\/\" \/>\n<meta property=\"og:locale\" content=\"pt_BR\" \/>\n<meta property=\"og:type\" content=\"article\" \/>\n<meta property=\"og:title\" content=\"Blogs - Visi\u00f3n G12\" \/>\n<meta property=\"og:description\" content=\"BLOGS\" \/>\n<meta property=\"og:url\" content=\"https:\/\/g12.co\/pt-br\/blogs-pt\/\" \/>\n<meta property=\"og:site_name\" content=\"Visi\u00f3n G12\" \/>\n<meta property=\"article:publisher\" content=\"https:\/\/www.facebook.com\/visiong12\/\" \/>\n<meta property=\"article:modified_time\" content=\"2021-10-20T18:48:52+00:00\" \/>\n<meta property=\"og:image\" content=\"https:\/\/g12.co\/wp-content\/uploads\/2021\/09\/banner-pagina-1.jpg\" \/>\n\t<meta property=\"og:image:width\" content=\"1920\" \/>\n\t<meta property=\"og:image:height\" content=\"1087\" \/>\n\t<meta property=\"og:image:type\" content=\"image\/jpeg\" \/>\n<meta name=\"twitter:card\" content=\"summary_large_image\" \/>\n<meta name=\"twitter:site\" content=\"@visiong12\" \/>\n<meta name=\"twitter:label1\" content=\"Est. tempo de leitura\" \/>\n\t<meta name=\"twitter:data1\" content=\"3 minutos\" \/>\n<script type=\"application\/ld+json\" class=\"yoast-schema-graph\">{\"@context\":\"https:\/\/schema.org\",\"@graph\":[{\"@type\":\"WebPage\",\"@id\":\"https:\/\/g12.co\/pt-br\/blogs-pt\/\",\"url\":\"https:\/\/g12.co\/pt-br\/blogs-pt\/\",\"name\":\"Blogs - Visi\u00f3n G12\",\"isPartOf\":{\"@id\":\"https:\/\/g12.co\/#website\"},\"datePublished\":\"2021-10-19T08:00:51+00:00\",\"dateModified\":\"2021-10-20T18:48:52+00:00\",\"breadcrumb\":{\"@id\":\"https:\/\/g12.co\/pt-br\/blogs-pt\/#breadcrumb\"},\"inLanguage\":\"pt-BR\",\"potentialAction\":[{\"@type\":\"ReadAction\",\"target\":[\"https:\/\/g12.co\/pt-br\/blogs-pt\/\"]}]},{\"@type\":\"BreadcrumbList\",\"@id\":\"https:\/\/g12.co\/pt-br\/blogs-pt\/#breadcrumb\",\"itemListElement\":[{\"@type\":\"ListItem\",\"position\":1,\"name\":\"Portada\",\"item\":\"https:\/\/g12.co\/pt-br\/\"},{\"@type\":\"ListItem\",\"position\":2,\"name\":\"Blogs\"}]},{\"@type\":\"WebSite\",\"@id\":\"https:\/\/g12.co\/#website\",\"url\":\"https:\/\/g12.co\/\",\"name\":\"Visi\u00f3n G12\",\"description\":\"\",\"potentialAction\":[{\"@type\":\"SearchAction\",\"target\":{\"@type\":\"EntryPoint\",\"urlTemplate\":\"https:\/\/g12.co\/?s={search_term_string}\"},\"query-input\":{\"@type\":\"PropertyValueSpecification\",\"valueRequired\":true,\"valueName\":\"search_term_string\"}}],\"inLanguage\":\"pt-BR\"}]}<\/script>\n<!-- \/ Yoast SEO plugin. -->","yoast_head_json":{"title":"Blogs - Visi\u00f3n G12","robots":{"index":"index","follow":"follow","max-snippet":"max-snippet:-1","max-image-preview":"max-image-preview:large","max-video-preview":"max-video-preview:-1"},"canonical":"https:\/\/g12.co\/pt-br\/blogs-pt\/","og_locale":"pt_BR","og_type":"article","og_title":"Blogs - Visi\u00f3n G12","og_description":"BLOGS","og_url":"https:\/\/g12.co\/pt-br\/blogs-pt\/","og_site_name":"Visi\u00f3n G12","article_publisher":"https:\/\/www.facebook.com\/visiong12\/","article_modified_time":"2021-10-20T18:48:52+00:00","og_image":[{"width":1920,"height":1087,"url":"https:\/\/g12.co\/wp-content\/uploads\/2021\/09\/banner-pagina-1.jpg","type":"image\/jpeg"}],"twitter_card":"summary_large_image","twitter_site":"@visiong12","twitter_misc":{"Est. tempo de leitura":"3 minutos"},"schema":{"@context":"https:\/\/schema.org","@graph":[{"@type":"WebPage","@id":"https:\/\/g12.co\/pt-br\/blogs-pt\/","url":"https:\/\/g12.co\/pt-br\/blogs-pt\/","name":"Blogs - Visi\u00f3n G12","isPartOf":{"@id":"https:\/\/g12.co\/#website"},"datePublished":"2021-10-19T08:00:51+00:00","dateModified":"2021-10-20T18:48:52+00:00","breadcrumb":{"@id":"https:\/\/g12.co\/pt-br\/blogs-pt\/#breadcrumb"},"inLanguage":"pt-BR","potentialAction":[{"@type":"ReadAction","target":["https:\/\/g12.co\/pt-br\/blogs-pt\/"]}]},{"@type":"BreadcrumbList","@id":"https:\/\/g12.co\/pt-br\/blogs-pt\/#breadcrumb","itemListElement":[{"@type":"ListItem","position":1,"name":"Portada","item":"https:\/\/g12.co\/pt-br\/"},{"@type":"ListItem","position":2,"name":"Blogs"}]},{"@type":"WebSite","@id":"https:\/\/g12.co\/#website","url":"https:\/\/g12.co\/","name":"Visi\u00f3n G12","description":"","potentialAction":[{"@type":"SearchAction","target":{"@type":"EntryPoint","urlTemplate":"https:\/\/g12.co\/?s={search_term_string}"},"query-input":{"@type":"PropertyValueSpecification","valueRequired":true,"valueName":"search_term_string"}}],"inLanguage":"pt-BR"}]}},"_links":{"self":[{"href":"https:\/\/g12.co\/pt-br\/wp-json\/wp\/v2\/pages\/1482","targetHints":{"allow":["GET"]}}],"collection":[{"href":"https:\/\/g12.co\/pt-br\/wp-json\/wp\/v2\/pages"}],"about":[{"href":"https:\/\/g12.co\/pt-br\/wp-json\/wp\/v2\/types\/page"}],"author":[{"embeddable":true,"href":"https:\/\/g12.co\/pt-br\/wp-json\/wp\/v2\/users\/1"}],"replies":[{"embeddable":true,"href":"https:\/\/g12.co\/pt-br\/wp-json\/wp\/v2\/comments?post=1482"}],"version-history":[{"count":3,"href":"https:\/\/g12.co\/pt-br\/wp-json\/wp\/v2\/pages\/1482\/revisions"}],"predecessor-version":[{"id":1571,"href":"https:\/\/g12.co\/pt-br\/wp-json\/wp\/v2\/pages\/1482\/revisions\/1571"}],"wp:attachment":[{"href":"https:\/\/g12.co\/pt-br\/wp-json\/wp\/v2\/media?parent=1482"}],"curies":[{"name":"wp","href":"https:\/\/api.w.org\/{rel}","templated":true}]}}