{"id":1425,"date":"2021-10-18T17:57:38","date_gmt":"2021-10-18T17:57:38","guid":{"rendered":"https:\/\/preview.g12.co\/?page_id=1425"},"modified":"2024-03-01T21:59:42","modified_gmt":"2024-03-01T21:59:42","slug":"convencoes","status":"publish","type":"page","link":"https:\/\/g12.co\/pt-br\/convencoes\/","title":{"rendered":"Conven\u00e7\u00f5es"},"content":{"rendered":"<p>[et_pb_section fb_built=&#8221;1&#8243; fullwidth=&#8221;on&#8221; _builder_version=&#8221;4.16&#8243; _module_preset=&#8221;default&#8221; global_colors_info=&#8221;{}&#8221;][et_pb_fullwidth_image src=&#8221;https:\/\/g12.co\/wp-content\/uploads\/2024\/03\/banner_convenciones_pt.png&#8221; title_text=&#8221;banner_convenciones_pt&#8221; url=&#8221;https:\/\/g12.co\/en\/2024\/02\/the-church-that-will-receive-the-great-harvest\/&#8221; _builder_version=&#8221;4.23.1&#8243; _module_preset=&#8221;default&#8221; hover_enabled=&#8221;0&#8243; global_colors_info=&#8221;{}&#8221; sticky_enabled=&#8221;0&#8243;][\/et_pb_fullwidth_image][\/et_pb_section][et_pb_section fb_built=&#8221;1&#8243; _builder_version=&#8221;4.23.1&#8243; _module_preset=&#8221;default&#8221; background_enable_color=&#8221;off&#8221; use_background_color_gradient=&#8221;on&#8221; background_color_gradient_stops=&#8221;rgba(7,180,221,0.26) 0%|rgba(196,196,196,0.31) 100%&#8221; background_color_gradient_start=&#8221;rgba(7,180,221,0.26)&#8221; background_color_gradient_end=&#8221;rgba(196,196,196,0.31)&#8221; custom_padding=&#8221;40px||40px||true|&#8221; hover_enabled=&#8221;0&#8243; global_colors_info=&#8221;{}&#8221; disabled_on=&#8221;on|on|on&#8221; disabled=&#8221;on&#8221; sticky_enabled=&#8221;0&#8243;][et_pb_row custom_padding_last_edited=&#8221;on|phone&#8221; _builder_version=&#8221;4.16&#8243; _module_preset=&#8221;default&#8221; custom_padding=&#8221;|100px||100px|false|true&#8221; custom_padding_tablet=&#8221;|0px||0px|false|true&#8221; custom_padding_phone=&#8221;&#8221; global_colors_info=&#8221;{}&#8221;][et_pb_column type=&#8221;4_4&#8243; _builder_version=&#8221;4.16&#8243; _module_preset=&#8221;default&#8221; global_colors_info=&#8221;{}&#8221;][et_pb_text _builder_version=&#8221;4.16&#8243; _module_preset=&#8221;default&#8221; text_font=&#8221;|700|||||||&#8221; text_text_color=&#8221;#585a5a&#8221; text_font_size=&#8221;36px&#8221; text_line_height=&#8221;1.1em&#8221; text_orientation=&#8221;center&#8221; custom_padding_tablet=&#8221;|0px||0px|false|true&#8221; custom_padding_last_edited=&#8221;off|desktop&#8221; text_font_size_tablet=&#8221;30px&#8221; text_font_size_phone=&#8221;22px&#8221; text_font_size_last_edited=&#8221;on|phone&#8221; global_colors_info=&#8221;{}&#8221;]<\/p>\n<p>REVIVA O ENCERRAMENTO DA CONVEN\u00c7\u00c3O O \u00daLTIMO REINO<\/p>\n<p>[\/et_pb_text][et_pb_text _builder_version=&#8221;4.16&#8243; _module_preset=&#8221;default&#8221; global_colors_info=&#8221;{}&#8221;]<\/p>\n<div class=\"card\">\n<div class=\"img-bottom\"><a class=\"vp-a vp-dr\" href=\"https:\/\/www.youtube.com\/watch?v=WR3tZ9CMrow\"><img decoding=\"async\" class=\"vp-img\" src=\"https:\/\/g12.co\/wp-content\/uploads\/2021\/09\/Group-72.png\"><\/a><\/div>\n<div class=\"img-top\"><a class=\"vp-a vp-dr\" href=\"https:\/\/www.youtube.com\/watch?v=WR3tZ9CMrow\"><img decoding=\"async\" class=\"vp-img\" src=\"https:\/\/g12.co\/wp-content\/uploads\/2021\/09\/Frame-11.png\"><\/a><\/div>\n<\/div>\n<p>[\/et_pb_text][\/et_pb_column][\/et_pb_row][\/et_pb_section][et_pb_section fb_built=&#8221;1&#8243; _builder_version=&#8221;4.16&#8243; _module_preset=&#8221;default&#8221; background_image=&#8221;https:\/\/g12.co\/wp-content\/uploads\/2021\/09\/Group-75-1.jpg&#8221; custom_padding=&#8221;38px||38px||true|&#8221; global_colors_info=&#8221;{}&#8221;][et_pb_row _builder_version=&#8221;4.16&#8243; _module_preset=&#8221;default&#8221; width_last_edited=&#8221;off|desktop&#8221; custom_padding=&#8221;40px||19px|||&#8221; global_colors_info=&#8221;{}&#8221;][et_pb_column type=&#8221;4_4&#8243; _builder_version=&#8221;4.16&#8243; _module_preset=&#8221;default&#8221; global_colors_info=&#8221;{}&#8221;][et_pb_text _builder_version=&#8221;4.16&#8243; _module_preset=&#8221;default&#8221; text_font=&#8221;|700|||||||&#8221; text_font_size=&#8221;40px&#8221; text_line_height=&#8221;1em&#8221; text_orientation=&#8221;center&#8221; background_layout=&#8221;dark&#8221; custom_margin=&#8221;||10px|||&#8221; text_font_size_tablet=&#8221;30px&#8221; text_font_size_phone=&#8221;&#8221; text_font_size_last_edited=&#8221;on|phone&#8221; global_colors_info=&#8221;{}&#8221;]<\/p>\n<p>Vamos viver juntos a paix\u00e3o de influenciar a cada na\u00e7\u00e3o com a luz de CRISTO.<\/p>\n<p>[\/et_pb_text][\/et_pb_column][\/et_pb_row][\/et_pb_section][et_pb_section fb_built=&#8221;1&#8243; fullwidth=&#8221;on&#8221; _builder_version=&#8221;4.16&#8243; _module_preset=&#8221;default&#8221; global_colors_info=&#8221;{}&#8221;][et_pb_fullwidth_image src=&#8221;https:\/\/g12.co\/wp-content\/uploads\/2024\/03\/banner_convenciones2_pt.jpg&#8221; title_text=&#8221;banner_convenciones2_pt&#8221; url=&#8221;https:\/\/g12.co\/pt-br\/2023\/02\/a-visao-te-leva-a-ser-luz\/&#8221; _builder_version=&#8221;4.23.1&#8243; _module_preset=&#8221;default&#8221; hover_enabled=&#8221;0&#8243; global_colors_info=&#8221;{}&#8221; sticky_enabled=&#8221;0&#8243;][\/et_pb_fullwidth_image][\/et_pb_section][et_pb_section fb_built=&#8221;1&#8243; _builder_version=&#8221;4.23.1&#8243; _module_preset=&#8221;default&#8221; custom_padding=&#8221;0px||0px||true|&#8221; hover_enabled=&#8221;0&#8243; global_colors_info=&#8221;{}&#8221; disabled_on=&#8221;on|on|on&#8221; disabled=&#8221;on&#8221; sticky_enabled=&#8221;0&#8243;][et_pb_row column_structure=&#8221;1_2,1_2&#8243; use_custom_gutter=&#8221;on&#8221; gutter_width=&#8221;1&#8243; make_equal=&#8221;on&#8221; module_class=&#8221;reverse&#8221; _builder_version=&#8221;4.16&#8243; _module_preset=&#8221;default&#8221; background_color=&#8221;RGBA(0,0,0,0)&#8221; width=&#8221;100%&#8221; max_width=&#8221;100%&#8221; custom_padding=&#8221;0px||0px||true|false&#8221; global_colors_info=&#8221;{}&#8221;][et_pb_column type=&#8221;1_2&#8243; _builder_version=&#8221;4.16&#8243; _module_preset=&#8221;default&#8221; background_enable_color=&#8221;off&#8221; use_background_color_gradient=&#8221;on&#8221; background_color_gradient_stops=&#8221;rgba(211,218,221,0) 0%|#d3dadd 100%&#8221; background_color_gradient_start=&#8221;rgba(211,218,221,0)&#8221; background_color_gradient_end=&#8221;#d3dadd&#8221; custom_padding=&#8221;110px|70px|110px|70px|true|true&#8221; custom_padding_tablet=&#8221;70px|80px|70px|80px|true|true&#8221; custom_padding_phone=&#8221;30px|40px|50px|40px|false|true&#8221; custom_padding_last_edited=&#8221;on|desktop&#8221; global_colors_info=&#8221;{}&#8221;][et_pb_text _builder_version=&#8221;4.16&#8243; _module_preset=&#8221;default&#8221; text_font=&#8221;|700|||||||&#8221; text_text_color=&#8221;#07b4dd&#8221; text_font_size=&#8221;20px&#8221; text_orientation=&#8221;center&#8221; custom_margin=&#8221;-3px|||||&#8221; custom_padding=&#8221;18px||33px||false|&#8221; global_colors_info=&#8221;{}&#8221;]<\/p>\n<p>CONVEN\u00c7\u00c3O G12 2021<\/p>\n<p>[\/et_pb_text][et_pb_text _builder_version=&#8221;4.16&#8243; _module_preset=&#8221;default&#8221; text_orientation=&#8221;justified&#8221; global_colors_info=&#8221;{}&#8221;]<\/p>\n<p>A fam\u00edlia G12 teve seu encontro anual, nos dias 26 ao 29 de janeiro de 2021, o lema deste ano foi \u201cFrutificar\u201d e se converteu em um marco dentro das 25 conven\u00e7\u00f5es anteriores, ao ser a primeira conven\u00e7\u00e3o 100% virtual. A conven\u00e7\u00e3o \u201cFrutificar\u201d foi a oportunidade de dar o rosto a este ano 2021, onde proclamamos que nascer\u00edamos a vis\u00e3o e onde determinamos fazer o que Jesus fez, formar uma equipe de disc\u00edpulos que transforme o mundo.<\/p>\n<p>Desfrutamos da un\u00e7\u00e3o de Frutifica\u00e7\u00e3o desatada pelos conferencistas mundiais como Anne Graham, Bill Johnson, Cindy Jacobs e do estilo novo e din\u00e2mico da pastora Johanna Castellanos e Manuela Castellanos que nos desafiaram a ser t\u00e3o firmes como um carvalho e pessoas com ra\u00edzes profundas em Deus. Por fim, cada confer\u00eancia dos pastores Cesar e Emma Claudia Castellanos desataram em cada telespectador, que se conectou de cada continente, a un\u00e7\u00e3o da frutifica\u00e7\u00e3o o qual temos vivido neste ano de 2021.<\/p>\n<p>[\/et_pb_text][\/et_pb_column][et_pb_column type=&#8221;1_2&#8243; _builder_version=&#8221;4.16&#8243; _module_preset=&#8221;default&#8221; background_color=&#8221;#000000&#8243; background_enable_image=&#8221;off&#8221; custom_padding=&#8221;110px|70px|110px|70px|true|true&#8221; custom_padding_tablet=&#8221;70px|80px|70px|80px|true|true&#8221; custom_padding_phone=&#8221;30px|40px|50px|40px|false|true&#8221; custom_padding_last_edited=&#8221;on|phone&#8221; global_colors_info=&#8221;{}&#8221;][et_pb_text _builder_version=&#8221;4.16&#8243; _module_preset=&#8221;default&#8221; custom_padding=&#8221;58px|||||&#8221; global_colors_info=&#8221;{}&#8221;]<\/p>\n<div class=\"card\">\n<div class=\"img-bottom\"><a class=\"vp-a vp-dr\" href=\"https:\/\/www.youtube.com\/watch?v=62ewFXJ1K6o\"><img decoding=\"async\" class=\"vp-img\" src=\"https:\/\/g12.co\/wp-content\/uploads\/2021\/09\/Group-76.png\" \/><\/a><\/div>\n<div class=\"img-top\"><a class=\"vp-a vp-dr\" href=\"https:\/\/www.youtube.com\/watch?v=62ewFXJ1K6o\"><img decoding=\"async\" class=\"vp-img\" src=\"https:\/\/g12.co\/wp-content\/uploads\/2021\/09\/Group-77.png\" \/><\/a><\/div>\n<\/div>\n<p>[\/et_pb_text][\/et_pb_column][\/et_pb_row][\/et_pb_section]<\/p>\n","protected":false},"excerpt":{"rendered":"<p>REVIVA O ENCERRAMENTO DA CONVEN\u00c7\u00c3O O \u00daLTIMO REINO <a class=\"vp-a vp-dr\" href=\"https:\/\/www.youtube.com\/watch?v=WR3tZ9CMrow\"><img decoding=\"async\" class=\"vp-img\" src=\"https:\/\/g12.co\/wp-content\/uploads\/2021\/09\/Group-72.png\"><\/a> <a class=\"vp-a vp-dr\" href=\"https:\/\/www.youtube.com\/watch?v=WR3tZ9CMrow\"><img decoding=\"async\" class=\"vp-img\" src=\"https:\/\/g12.co\/wp-content\/uploads\/2021\/09\/Frame-11.png\"><\/a> Vamos viver juntos a paix\u00e3o de influenciar a cada na\u00e7\u00e3o com a luz de CRISTO.CONVEN\u00c7\u00c3O [&hellip;]<\/p>\n","protected":false},"author":1,"featured_media":0,"parent":0,"menu_order":0,"comment_status":"closed","ping_status":"closed","template":"","meta":{"_et_pb_use_builder":"on","_et_pb_old_content":"","_et_gb_content_width":"","footnotes":""},"class_list":["post-1425","page","type-page","status-publish","hentry"],"yoast_head":"<!-- This site is optimized with the Yoast SEO plugin v24.0 - https:\/\/yoast.com\/wordpress\/plugins\/seo\/ -->\n<title>Conven\u00e7\u00f5es - Visi\u00f3n G12<\/title>\n<meta name=\"robots\" content=\"index, follow, max-snippet:-1, max-image-preview:large, max-video-preview:-1\" \/>\n<link rel=\"canonical\" href=\"https:\/\/g12.co\/convenciones\/\" \/>\n<meta property=\"og:locale\" content=\"pt_BR\" \/>\n<meta property=\"og:type\" content=\"article\" \/>\n<meta property=\"og:title\" content=\"Conven\u00e7\u00f5es - Visi\u00f3n G12\" \/>\n<meta property=\"og:description\" content=\"REVIVA O ENCERRAMENTO DA CONVEN\u00c7\u00c3O O \u00daLTIMO REINO  Vamos viver juntos a paix\u00e3o de influenciar a cada na\u00e7\u00e3o com a luz de CRISTO.CONVEN\u00c7\u00c3O [&hellip;]\" \/>\n<meta property=\"og:url\" content=\"https:\/\/g12.co\/convenciones\/\" \/>\n<meta property=\"og:site_name\" content=\"Visi\u00f3n G12\" \/>\n<meta property=\"article:publisher\" content=\"https:\/\/www.facebook.com\/visiong12\/\" \/>\n<meta property=\"article:modified_time\" content=\"2024-03-01T21:59:42+00:00\" \/>\n<meta property=\"og:image\" content=\"https:\/\/g12.co\/wp-content\/uploads\/2021\/09\/Group-76.png\" \/>\n<meta name=\"twitter:card\" content=\"summary_large_image\" \/>\n<meta name=\"twitter:site\" content=\"@visiong12\" \/>\n<meta name=\"twitter:label1\" content=\"Est. tempo de leitura\" \/>\n\t<meta name=\"twitter:data1\" content=\"5 minutos\" \/>\n<script type=\"application\/ld+json\" class=\"yoast-schema-graph\">{\"@context\":\"https:\/\/schema.org\",\"@graph\":[{\"@type\":\"WebPage\",\"@id\":\"https:\/\/g12.co\/convenciones\/\",\"url\":\"https:\/\/g12.co\/convenciones\/\",\"name\":\"Conven\u00e7\u00f5es - Visi\u00f3n G12\",\"isPartOf\":{\"@id\":\"https:\/\/g12.co\/#website\"},\"primaryImageOfPage\":{\"@id\":\"https:\/\/g12.co\/convenciones\/#primaryimage\"},\"image\":{\"@id\":\"https:\/\/g12.co\/convenciones\/#primaryimage\"},\"thumbnailUrl\":\"https:\/\/g12.co\/wp-content\/uploads\/2021\/09\/Group-76.png\",\"datePublished\":\"2021-10-18T17:57:38+00:00\",\"dateModified\":\"2024-03-01T21:59:42+00:00\",\"breadcrumb\":{\"@id\":\"https:\/\/g12.co\/convenciones\/#breadcrumb\"},\"inLanguage\":\"pt-BR\",\"potentialAction\":[{\"@type\":\"ReadAction\",\"target\":[\"https:\/\/g12.co\/convenciones\/\"]}]},{\"@type\":\"ImageObject\",\"inLanguage\":\"pt-BR\",\"@id\":\"https:\/\/g12.co\/convenciones\/#primaryimage\",\"url\":\"https:\/\/g12.co\/wp-content\/uploads\/2021\/09\/Group-76.png\",\"contentUrl\":\"https:\/\/g12.co\/wp-content\/uploads\/2021\/09\/Group-76.png\"},{\"@type\":\"BreadcrumbList\",\"@id\":\"https:\/\/g12.co\/convenciones\/#breadcrumb\",\"itemListElement\":[{\"@type\":\"ListItem\",\"position\":1,\"name\":\"Portada\",\"item\":\"https:\/\/g12.co\/pt-br\/\"},{\"@type\":\"ListItem\",\"position\":2,\"name\":\"Conven\u00e7\u00f5es\"}]},{\"@type\":\"WebSite\",\"@id\":\"https:\/\/g12.co\/#website\",\"url\":\"https:\/\/g12.co\/\",\"name\":\"Visi\u00f3n G12\",\"description\":\"\",\"potentialAction\":[{\"@type\":\"SearchAction\",\"target\":{\"@type\":\"EntryPoint\",\"urlTemplate\":\"https:\/\/g12.co\/?s={search_term_string}\"},\"query-input\":{\"@type\":\"PropertyValueSpecification\",\"valueRequired\":true,\"valueName\":\"search_term_string\"}}],\"inLanguage\":\"pt-BR\"}]}<\/script>\n<!-- \/ Yoast SEO plugin. -->","yoast_head_json":{"title":"Conven\u00e7\u00f5es - Visi\u00f3n G12","robots":{"index":"index","follow":"follow","max-snippet":"max-snippet:-1","max-image-preview":"max-image-preview:large","max-video-preview":"max-video-preview:-1"},"canonical":"https:\/\/g12.co\/convenciones\/","og_locale":"pt_BR","og_type":"article","og_title":"Conven\u00e7\u00f5es - Visi\u00f3n G12","og_description":"REVIVA O ENCERRAMENTO DA CONVEN\u00c7\u00c3O O \u00daLTIMO REINO  Vamos viver juntos a paix\u00e3o de influenciar a cada na\u00e7\u00e3o com a luz de CRISTO.CONVEN\u00c7\u00c3O [&hellip;]","og_url":"https:\/\/g12.co\/convenciones\/","og_site_name":"Visi\u00f3n G12","article_publisher":"https:\/\/www.facebook.com\/visiong12\/","article_modified_time":"2024-03-01T21:59:42+00:00","og_image":[{"url":"https:\/\/g12.co\/wp-content\/uploads\/2021\/09\/Group-76.png","type":"","width":"","height":""}],"twitter_card":"summary_large_image","twitter_site":"@visiong12","twitter_misc":{"Est. tempo de leitura":"5 minutos"},"schema":{"@context":"https:\/\/schema.org","@graph":[{"@type":"WebPage","@id":"https:\/\/g12.co\/convenciones\/","url":"https:\/\/g12.co\/convenciones\/","name":"Conven\u00e7\u00f5es - Visi\u00f3n G12","isPartOf":{"@id":"https:\/\/g12.co\/#website"},"primaryImageOfPage":{"@id":"https:\/\/g12.co\/convenciones\/#primaryimage"},"image":{"@id":"https:\/\/g12.co\/convenciones\/#primaryimage"},"thumbnailUrl":"https:\/\/g12.co\/wp-content\/uploads\/2021\/09\/Group-76.png","datePublished":"2021-10-18T17:57:38+00:00","dateModified":"2024-03-01T21:59:42+00:00","breadcrumb":{"@id":"https:\/\/g12.co\/convenciones\/#breadcrumb"},"inLanguage":"pt-BR","potentialAction":[{"@type":"ReadAction","target":["https:\/\/g12.co\/convenciones\/"]}]},{"@type":"ImageObject","inLanguage":"pt-BR","@id":"https:\/\/g12.co\/convenciones\/#primaryimage","url":"https:\/\/g12.co\/wp-content\/uploads\/2021\/09\/Group-76.png","contentUrl":"https:\/\/g12.co\/wp-content\/uploads\/2021\/09\/Group-76.png"},{"@type":"BreadcrumbList","@id":"https:\/\/g12.co\/convenciones\/#breadcrumb","itemListElement":[{"@type":"ListItem","position":1,"name":"Portada","item":"https:\/\/g12.co\/pt-br\/"},{"@type":"ListItem","position":2,"name":"Conven\u00e7\u00f5es"}]},{"@type":"WebSite","@id":"https:\/\/g12.co\/#website","url":"https:\/\/g12.co\/","name":"Visi\u00f3n G12","description":"","potentialAction":[{"@type":"SearchAction","target":{"@type":"EntryPoint","urlTemplate":"https:\/\/g12.co\/?s={search_term_string}"},"query-input":{"@type":"PropertyValueSpecification","valueRequired":true,"valueName":"search_term_string"}}],"inLanguage":"pt-BR"}]}},"_links":{"self":[{"href":"https:\/\/g12.co\/pt-br\/wp-json\/wp\/v2\/pages\/1425","targetHints":{"allow":["GET"]}}],"collection":[{"href":"https:\/\/g12.co\/pt-br\/wp-json\/wp\/v2\/pages"}],"about":[{"href":"https:\/\/g12.co\/pt-br\/wp-json\/wp\/v2\/types\/page"}],"author":[{"embeddable":true,"href":"https:\/\/g12.co\/pt-br\/wp-json\/wp\/v2\/users\/1"}],"replies":[{"embeddable":true,"href":"https:\/\/g12.co\/pt-br\/wp-json\/wp\/v2\/comments?post=1425"}],"version-history":[{"count":8,"href":"https:\/\/g12.co\/pt-br\/wp-json\/wp\/v2\/pages\/1425\/revisions"}],"predecessor-version":[{"id":3827,"href":"https:\/\/g12.co\/pt-br\/wp-json\/wp\/v2\/pages\/1425\/revisions\/3827"}],"wp:attachment":[{"href":"https:\/\/g12.co\/pt-br\/wp-json\/wp\/v2\/media?parent=1425"}],"curies":[{"name":"wp","href":"https:\/\/api.w.org\/{rel}","templated":true}]}}